{"id":12,"date":"2022-04-12T15:02:08","date_gmt":"2022-04-12T15:02:08","guid":{"rendered":"http:\/\/nhattienplastic.com\/?page_id=12"},"modified":"2022-06-08T06:44:46","modified_gmt":"2022-06-08T06:44:46","slug":"gioi-thieu","status":"publish","type":"page","link":"https:\/\/nhattienplastic.com\/eng\/gioi-thieu\/","title":{"rendered":"About"},"content":{"rendered":"","protected":false},"excerpt":{"rendered":"","protected":false},"author":1,"featured_media":0,"parent":0,"menu_order":0,"comment_status":"closed","ping_status":"closed","template":"template-pages\/about.php","meta":{"inline_featured_image":false,"footnotes":""},"class_list":["post-12","page","type-page","status-publish","hentry"],"meta_box":{"product-item":[],"intro-item":[{"image":"402","textarea_gf9puq9p6qk":"<p style=\"text-align: left;\">C\u00e2u chuy\u1ec7n v\u1ec1 C\u00f4ng ty TNHH SX &amp; TM Nh\u1eadt Ti\u1ebfn l\u00e0 h\u00e0nh tr\u00ecnh b\u1ee9t ph\u00e1 \u0111\u1ea7y ngo\u1ea1n m\u1ee5c c\u1ee7a nh\u1eefng con ng\u01b0\u1eddi b\u1ea3n l\u0129nh, kh\u00f4ng ng\u1eebng c\u1ed1 g\u1eafng \u0111\u1ec3 \u0111\u01b0a c\u00e1c s\u1ea3n ph\u1ea9m nh\u1ef1a ph\u1ee5c v\u1ee5 cho n\u00f4ng nghi\u1ec7p, h\u00f3a ch\u1ea5t v\u00e0 \u0111\u1eddi s\u1ed1ng l\u00ean m\u1ed9t t\u1ea7m cao m\u1edbi. Tr\u1ea3i qua h\u01a1n 30 n\u0103m ph\u00e1t tri\u1ec3n b\u1ec1n v\u1eefng, ch\u00fang t\u00f4i \u0111\u00e3 mang \u0111\u1ebfn cho th\u1ecb tr\u01b0\u1eddng \u0111a d\u1ea1ng c\u00e1c m\u1eabu m\u00e3 bao g\u1ed3m: can v\u00e0 chai nh\u1ef1a, th\u00f9ng nh\u1ef1a, thi\u1ebft b\u1ecb nh\u1ef1a trong ng\u00e0nh ch\u0103n nu\u00f4i v\u00e0 n\u00f4ng nghi\u1ec7p, in \u1ea5n tr\u00ean s\u1ea3n ph\u1ea9m, s\u1ea3n xu\u1ea5t theo y\u00eau c\u1ea7u.<\/p>\r\n<p style=\"text-align: left;\">V\u1edbi m\u1ee5c ti\u00eau \u201ccung c\u1ea5p ra s\u1ea3n ph\u1ea9m ho\u00e0n h\u1ea3o\u201d, Nh\u1eadt Ti\u1ebfn lu\u00f4n ch\u00fa tr\u1ecdng v\u00e0o vi\u1ec7c n\u00e2ng cao v\u00e0 s\u00e1ng t\u1ea1o h\u1ec7 th\u1ed1ng qu\u1ea3n l\u00fd s\u1ea3n xu\u1ea5t. Nh\u1edd \u0111\u00f3, c\u00e1c s\u1ea3n ph\u1ea9m c\u1ee7a ch\u00fang t\u00f4i kh\u00f4ng ch\u1ec9 \u0111\u1ea3m b\u1ea3o v\u1ec1 ch\u1ea5t l\u01b0\u1ee3ng, ki\u1ec3u d\u00e1ng, t\u00ednh n\u0103ng \u01b0u vi\u1ec7t m\u00e0 c\u00f2n \u0111\u01b0\u1ee3c s\u1ea3n xu\u1ea5t v\u1edbi chi ph\u00ed h\u1ee3p l\u00fd v\u00e0 th\u1eddi gian nhanh ch\u00f3ng.<\/p>\r\n<p style=\"text-align: left;\">Song h\u00e0nh c\u00f9ng m\u1ee5c ti\u00eau ph\u00e1t tri\u1ec3n b\u1ec1n v\u1eefng, tr\u00e1ch nhi\u1ec7m v\u1edbi m\u00f4i tr\u01b0\u1eddng v\u00e0 x\u00e3 h\u1ed9i c\u0169ng lu\u00f4n l\u00e0 y\u1ebfu t\u1ed1 Nh\u1eadt Ti\u1ebfn \u0111\u1eb7t l\u00ean h\u00e0ng \u0111\u1ea7u. Ch\u00fang t\u00f4i quan t\u00e2m v\u00e0 \u0111\u1ec1 cao vi\u1ec7c b\u1ea3o v\u1ec7 m\u00f4i tr\u01b0\u1eddng b\u1eb1ng c\u00e1ch t\u1ed1i \u01b0u s\u1eed d\u1ee5ng t\u00e0i nguy\u00ean s\u1eb5n c\u00f3 v\u00e0 x\u00e2y d\u1ef1ng m\u00f4i tr\u01b0\u1eddng l\u00e0m vi\u1ec7c xanh s\u1ea1ch \u0111\u1eb9p.<\/p>\r\n<p style=\"text-align: left;\">B\u1eb1ng nh\u1eefng b\u01b0\u1edbc ti\u1ebfn m\u1ea1nh m\u1ebd trong \u0111\u1ea7u t\u01b0, m\u1edf r\u1ed9ng s\u1ea3n xu\u1ea5t, n\u00e2ng cao ch\u1ea5t l\u01b0\u1ee3ng s\u1ea3n ph\u1ea9m, C\u00f4ng ty TNHH SX &amp; TM Nh\u1eadt Ti\u1ebfn kh\u00f4ng ch\u1ec9 kh\u1eb3ng \u0111\u1ecbnh ni\u1ec1m tin v\u1edbi ng\u01b0\u1eddi ti\u00eau d\u00f9ng kh\u1eafp c\u1ea3 n\u01b0\u1edbc m\u00e0 c\u00f2n kh\u1eb3ng \u0111\u1ecbnh v\u1ecb th\u1ebf v\u1eefng ch\u1eafc l\u00e0 m\u1ed9t trong nh\u1eefng \u0111\u01a1n v\u1ecb s\u1ea3n xu\u1ea5t bao b\u00ec c\u00f3 quy m\u00f4 uy t\u00edn top \u0111\u1ea7u ng\u00e0nh c\u00f4ng nghi\u1ec7p nh\u1ef1a t\u1ea1i Vi\u1ec7t Nam hi\u1ec7n nay.<\/p>"},{"image":"403","textarea_gf9puq9p6qk":"<p style=\"text-align: left;\"><strong>CHI\u1ebeN L\u01af\u1ee2C KINH DOANH<\/strong><\/p>\r\n<p style=\"text-align: left;\">\u0110\u1ec3 c\u00f3 nh\u1eefng b\u01b0\u1edbc ti\u1ebfn m\u1ea1nh m\u1ebd v\u00e0 t\u1ea1o l\u1ee3i th\u1ebf c\u1ea1nh tranh ri\u00eang bi\u1ec7t, Nh\u1eadt Ti\u1ebfn ch\u1ecdn cho m\u00ecnh m\u1ed9t chi\u1ebfn l\u01b0\u1ee3c ph\u00e1t tri\u1ec3n \u1ed5n \u0111\u1ecbnh, b\u1ec1n v\u1eefng v\u00e0 hi\u1ec7u qu\u1ea3: chi\u1ebfn l\u01b0\u1ee3c T.I.M.E.<\/p>\r\n<p style=\"text-align: left;\">TECHNOLOGY (C\u00f4ng ngh\u1ec7) - \u0110\u1ea7u t\u01b0 c\u00f4ng ngh\u1ec7 m\u1edbi \u0111\u1ec3 theo k\u1ecbp nh\u1eefng thay \u0111\u1ed5i c\u1ee7a th\u1ecb tr\u01b0\u1eddng. T\u1eeb \u0111\u00f3 \u0111\u01b0a ra nhi\u1ec1u s\u1ea3n ph\u1ea9m ch\u1ea5t l\u01b0\u1ee3ng t\u1ed1t h\u01a1n, ph\u00f9 h\u1ee3p v\u1edbi nh\u1eefng ti\u00eau chu\u1ea9n v\u00e0 \u0111\u00f2i h\u1ecfi kh\u1eaft khe t\u1eeb ph\u00eda kh\u00e1ch h\u00e0ng.<\/p>\r\n<p style=\"text-align: left;\">INNOVATION (\u0110\u1ed5i m\u1edbi) - Li\u00ean t\u1ee5c kh\u00e1m ph\u00e1 v\u00e0 s\u00e1ng t\u1ea1o nh\u1eefng thi\u1ebft k\u1ebf khu\u00f4n m\u1edbi nh\u1ea5t \u0111\u1ec3 c\u1ea3i thi\u1ec7n m\u1eabu m\u00e3 bao b\u00ec, t\u0103ng n\u0103ng su\u1ea5t s\u1ea3n xu\u1ea5t nh\u1eb1m \u0111\u00e1p \u1ee9ng y\u00eau c\u1ea7u c\u1ee7a kh\u00e1ch h\u00e0ng.<\/p>\r\n<p style=\"text-align: left;\">MANAGEMENT (Qu\u1ea3n l\u00fd) - Kh\u00f4ng ng\u1eebng c\u1ea3i ti\u1ebfn h\u1ec7 th\u1ed1ng qu\u1ea3n l\u00fd ch\u1ea5t l\u01b0\u1ee3ng v\u00e0 khai th\u00e1c hi\u1ec7u qu\u1ea3 c\u00e1c nh\u00e0 m\u00e1y hi\u1ec7n c\u00f3 \u0111\u1ec3 \u0111\u01b0a ra th\u1ecb tr\u01b0\u1eddng nh\u1eefng s\u1ea3n ph\u1ea9m \u0111\u1eb9p, c\u1ea1nh tranh v\u1ec1 gi\u00e1 v\u00e0 c\u00f3 gi\u00e1 tr\u1ecb s\u1eed d\u1ee5ng cao.<\/p>\r\n<p style=\"text-align: left;\">ENVIRONMENT (M\u00f4i tr\u01b0\u1eddng) - N\u00e2ng cao v\u00e0 th\u1ef1c hi\u1ec7n t\u1ed1t tr\u00e1ch nhi\u1ec7m v\u1edbi M\u00f4i tr\u01b0\u1eddng &amp; X\u00e3 h\u1ed9i b\u1eb1ng vi\u1ec7c \u0111\u00e1p \u1ee9ng ti\u00eau chu\u1ea9n s\u1ea3n xu\u1ea5t to\u00e0n c\u1ea7u v\u1ec1 v\u1ec7 sinh m\u00f4i tr\u01b0\u1eddng \u0111\u1ec3 h\u1ea1n ch\u1ebf t\u1ed1i \u0111a ch\u1ea5t th\u1ea3i r\u1eafn.<\/p>"},{"image":"404","textarea_gf9puq9p6qk":"<p style=\"text-align: left;\">M\u1ed8T S\u1ed0 CH\u1ee8NG NH\u1eacN V\u00c0 GI\u1ea2I TH\u01af\u1edeNG NH\u1eacT TI\u1ebeN T\u1ef0 H\u00c0O \u0110\u1ea0T \u0110\u01af\u1ee2C:<\/p>\r\n\r\n<ul>\r\n \t<li style=\"text-align: left;\">Ch\u1ee9ng nh\u1eadn h\u1ec7 th\u1ed1ng qu\u1ea3n l\u00fd ch\u1ea5t l\u01b0\u1ee3ng ISO 9001:2008<\/li>\r\n \t<li style=\"text-align: left;\">Ch\u1ee9ng nh\u1eadn qu\u1ea3n l\u00fd ch\u1ea5t l\u01b0\u1ee3ng cho d\u1ee5ng c\u1ee5 y t\u1ebf ISO 13485:2003<\/li>\r\n \t<li style=\"text-align: left;\">Ch\u1ee9ng nh\u1eadn th\u1ef1c h\u00e0nh s\u1ea3n xu\u1ea5t t\u1ed1t 5S<\/li>\r\n \t<li style=\"text-align: left;\">Quy tr\u00ecnh s\u1ea3n xu\u1ea5t bao b\u00ec an to\u00e0n v\u1ec7 sinh th\u1ef1c ph\u1ea9m theo ti\u00eau chu\u1ea9n h\u1ee3p quy (BYT)<\/li>\r\n<\/ul>"}],"journey-item":[{"image":"380","year":"1989","text":"Ti\u1ec1n th\u00e2n l\u00e0 c\u01a1 s\u1edf T\u00e2n Vi\u1ec7t chuy\u00ean s\u1ea3n xu\u1ea5t v\u00e0 ch\u1ebf t\u1ea1o khu\u00f4n m\u1eabu \u0111\u01b0\u1ee3c th\u00e0nh l\u1eadp."},{"image":"465","year":"1993","text":"T\u00e2n Vi\u1ec7t \u0111\u1ed5i t\u00ean th\u00e0nh c\u00f4ng ty Nh\u1eadt Ti\u1ebfn v\u00e0 m\u1edf r\u1ed9ng tham gia l\u0129nh v\u1ef1c s\u1ea3n xu\u1ea5t nh\u1ef1a. C\u0169ng trong th\u1eddi \u0111i\u1ec3m n\u00e0y, Nh\u1eadt Ti\u1ebfn \u0111\u00e3 cho ra \u0111\u1eddi d\u00f2ng s\u1ea3n ph\u1ea9m th\u00f9ng nh\u1ef1a 5L \u0111\u1ea7u ti\u00ean tr\u00ean th\u1ecb tr\u01b0\u1eddng Vi\u1ec7t Nam."},{"image":"466","year":"1999","text":"Nh\u1eadt Ti\u1ebfn m\u1edf r\u1ed9ng s\u1ea3n xu\u1ea5t v\u00e0 ph\u00e1t tri\u1ec3n c\u00f4ng ngh\u1ec7 th\u1ed5i can HDPE t\u1eeb 500ml \u0111\u1ebfn 30L. \u0110\u1ed3ng th\u1eddi \u0111\u00e1nh d\u1ea5u b\u01b0\u1edbc chuy\u1ec3n m\u00ecnh sang m\u00f4 h\u00ecnh C\u00f4ng ty TNHH SX & TM Nh\u1eadt Ti\u1ebfn v\u1edbi quy m\u00f4 s\u1ea3n xu\u1ea5t t\u0103ng th\u00eam 3.000m2."},{"image":"377","year":"2004","text":"Nh\u1eadt Ti\u1ebfn x\u00e2y d\u1ef1ng nh\u00e0 m\u00e1y m\u1edbi v\u1edbi quy m\u00f4 25.000m2, chuy\u00ean s\u1ea3n xu\u1ea5t bao b\u00ec nh\u1ef1a PP block v\u00e0 HDPE cung c\u1ea5p cho th\u1ecb tr\u01b0\u1eddng h\u00f3a ch\u1ea5t v\u00e0 s\u01a1n n\u01b0\u1edbc. \u0110\u00e2y l\u00e0 m\u1ed9t b\u01b0\u1edbc ngo\u1eb7t quan tr\u1ecdng, \u0111\u01b0a Nh\u1eadt Ti\u1ebfn ti\u1ebfp c\u1eadn \u0111\u1ebfn nhi\u1ec1u kh\u00e1ch h\u00e0ng h\u01a1n c\u0169ng nh\u01b0 t\u0103ng c\u01b0\u1eddng kh\u1ea3 n\u0103ng cung \u1ee9ng \u0111\u1ec3 \u0111\u00e1p \u1ee9ng nhu c\u1ea7u th\u1ecb tr\u01b0\u1eddng."},{"image":"467","year":"2007","text":"Nh\u1eadt Ti\u1ebfn ti\u00ean phong trong c\u00f4ng cu\u1ed9c c\u00f4ng nghi\u1ec7p h\u00f3a n\u00f4ng nghi\u1ec7p b\u1eb1ng vi\u1ec7c cho ra \u0111\u1eddi d\u00f2ng s\u1ea3n ph\u1ea9m s\u00e0n ch\u0103n nu\u00f4i heo b\u1eb1ng nh\u1ef1a. B\u01b0\u1edbc ti\u1ebfn n\u00e0y \u0111\u00e3 thay \u0111\u1ed5i ho\u00e0n to\u00e0n c\u00e1ch ch\u0103n nu\u00f4i truy\u1ec1n th\u1ed1ng c\u1ee7a ng\u01b0\u1eddi Vi\u1ec7t, t\u0103ng t\u00ednh v\u1ec7 sinh an to\u00e0n th\u1ef1c ph\u1ea9m c\u0169ng nh\u01b0 gi\u1ea3m chi ph\u00ed ch\u0103n nu\u00f4i v\u00e0 th\u00e2n thi\u1ec7n h\u01a1n v\u1edbi m\u00f4i tr\u01b0\u1eddng."},{"image":"468","year":"2013","text":"Ch\u00ednh th\u1ee9c m\u1edf r\u1ed9ng quy m\u00f4 s\u1ea3n xu\u1ea5t bao b\u00ec s\u1ea1ch ph\u1ee5c v\u1ee5 cho ng\u00e0nh d\u01b0\u1ee3c, th\u1ef1c ph\u1ea9m v\u00e0 h\u00f3a m\u1ef9 ph\u1ea9m v\u1edbi quy m\u00f4 40.000m2 , chuy\u1ec3n \u0111\u1ed5i s\u1ed1 trong vi\u1ec7c qu\u1ea3n l\u00fd th\u00f4ng qua s\u1eed d\u1ee5ng h\u1ec7 th\u1ed1ng ERP trong t\u00e2t c\u1ea3 c\u00e1c kh\u00e2u s\u1ea3n xu\u1ea5t , kinh doanh, k\u1ebf to\u00e1n v\u00e0 nh\u00e2n s\u1ef1."},{"image":"469","year":"2019","text":"Ph\u00e1t tri\u1ec3n s\u1eed d\u1ee5ng n\u0103ng l\u01b0\u1ee3ng m\u1eb7t tr\u1eddi \u00e1p m\u00e1i v\u1edbi c\u00f4ng su\u1ea5t 3.2Mwp, v\u00e0 ho\u00e0n ch\u1ec9nh h\u1ea1 t\u1ea7ng nh\u00e0 m\u00e1y 2 v\u1edbi 2 c\u00f4ng ngh\u1ec7 ch\u00ednh l\u00e0 th\u1ed5i v\u00e0 \u00e9p "},{"image":"470","year":"2020","text":"Trong b\u1ed1i c\u1ea3nh c\u00e1c doanh nghi\u1ec7p \u0111i\u1ec7n t\u1eed FDI d\u1ecbch chuy\u1ec3n \u0111\u1ea7u t\u01b0 v\u1ec1 VN , Nh\u1eadt Ti\u1ebfn ch\u1ee7 \u0111\u1ed9ng n\u00e2ng cao n\u0103ng l\u1ef1c s\u1ea3n xu\u1ea5t \u0111\u1ec3 \u0111\u00e1p \u1ee9ng c\u00e1c s\u1ea3n ph\u1ea9m y\u00eau c\u1ea7u \u0111\u1ed9 ch\u00ednh x\u00e1c cao."}],"target-image":{"width":150,"height":150,"file":"2022\/05\/Img0201-scaled.jpg","sizes":{"medium":{"file":"Img0201-300x200.jpg","width":300,"height":200,"mime-type":"image\/jpeg","url":"https:\/\/nhattienplastic.com\/wp-content\/uploads\/2022\/05\/Img0201-300x200.jpg"},"large":{"file":"Img0201-1024x683.jpg","width":1024,"height":683,"mime-type":"image\/jpeg","url":"https:\/\/nhattienplastic.com\/wp-content\/uploads\/2022\/05\/Img0201-1024x683.jpg"},"thumbnail":{"file":"Img0201-150x150.jpg","width":150,"height":150,"mime-type":"image\/jpeg","url":"https:\/\/nhattienplastic.com\/wp-content\/uploads\/2022\/05\/Img0201-150x150.jpg"},"medium_large":{"file":"Img0201-768x512.jpg","width":768,"height":512,"mime-type":"image\/jpeg","url":"https:\/\/nhattienplastic.com\/wp-content\/uploads\/2022\/05\/Img0201-768x512.jpg"},"1536x1536":{"file":"Img0201-1536x1024.jpg","width":1536,"height":1024,"mime-type":"image\/jpeg","url":"https:\/\/nhattienplastic.com\/wp-content\/uploads\/2022\/05\/Img0201-1536x1024.jpg"},"2048x2048":{"file":"Img0201-2048x1365.jpg","width":2048,"height":1365,"mime-type":"image\/jpeg","url":"https:\/\/nhattienplastic.com\/wp-content\/uploads\/2022\/05\/Img0201-2048x1365.jpg"},"trp-custom-language-flag":{"file":"Img0201-18x12.jpg","width":18,"height":12,"mime-type":"image\/jpeg","url":"https:\/\/nhattienplastic.com\/wp-content\/uploads\/2022\/05\/Img0201-18x12.jpg"},"thumb-693":{"file":"Img0201-693x372.jpg","width":693,"height":372,"mime-type":"image\/jpeg","url":"https:\/\/nhattienplastic.com\/wp-content\/uploads\/2022\/05\/Img0201-693x372.jpg"},"thumb-389":{"file":"Img0201-389x236.jpg","width":389,"height":236,"mime-type":"image\/jpeg","url":"https:\/\/nhattienplastic.com\/wp-content\/uploads\/2022\/05\/Img0201-389x236.jpg"},"thumb-200":{"file":"Img0201-200x200.jpg","width":200,"height":200,"mime-type":"image\/jpeg","url":"https:\/\/nhattienplastic.com\/wp-content\/uploads\/2022\/05\/Img0201-200x200.jpg"},"thumb-260":{"file":"Img0201-260x260.jpg","width":260,"height":260,"mime-type":"image\/jpeg","url":"https:\/\/nhattienplastic.com\/wp-content\/uploads\/2022\/05\/Img0201-260x260.jpg"},"thumb-400":{"file":"Img0201-400x400.jpg","width":400,"height":400,"mime-type":"image\/jpeg","url":"https:\/\/nhattienplastic.com\/wp-content\/uploads\/2022\/05\/Img0201-400x400.jpg"},"thumb-480":{"file":"Img0201-400x800.jpg","width":400,"height":800,"mime-type":"image\/jpeg","url":"https:\/\/nhattienplastic.com\/wp-content\/uploads\/2022\/05\/Img0201-400x800.jpg"},"thumb-336":{"file":"Img0201-336x500.jpg","width":336,"height":500,"mime-type":"image\/jpeg","url":"https:\/\/nhattienplastic.com\/wp-content\/uploads\/2022\/05\/Img0201-336x500.jpg"},"thumb-415":{"file":"Img0201-415x508.jpg","width":415,"height":508,"mime-type":"image\/jpeg","url":"https:\/\/nhattienplastic.com\/wp-content\/uploads\/2022\/05\/Img0201-415x508.jpg"},"thumb-500":{"file":"Img0201-500x500.jpg","width":500,"height":500,"mime-type":"image\/jpeg","url":"https:\/\/nhattienplastic.com\/wp-content\/uploads\/2022\/05\/Img0201-500x500.jpg"},"thumb-650":{"file":"Img0201-650x416.jpg","width":650,"height":416,"mime-type":"image\/jpeg","url":"https:\/\/nhattienplastic.com\/wp-content\/uploads\/2022\/05\/Img0201-650x416.jpg"},"thumb-406":{"file":"Img0201-406x240.jpg","width":406,"height":240,"mime-type":"image\/jpeg","url":"https:\/\/nhattienplastic.com\/wp-content\/uploads\/2022\/05\/Img0201-406x240.jpg"}},"image_meta":{"aperture":"9","credit":"","camera":"NIKON D850","caption":"","created_timestamp":"1640145928","copyright":"","focal_length":"70","iso":"800","shutter_speed":"0.004","title":"","orientation":"1","keywords":[]},"original_image":"Img0201.jpg","ID":"471","name":"Img0201-scaled.jpg","path":"\/home\/nha75c31\/domains\/nhattienplastic.com\/public_html\/wp-content\/uploads\/2022\/05\/Img0201-scaled.jpg","url":"https:\/\/nhattienplastic.com\/wp-content\/uploads\/2022\/05\/Img0201-150x150.jpg","full_url":"https:\/\/nhattienplastic.com\/wp-content\/uploads\/2022\/05\/Img0201-scaled.jpg","title":"Img0201","caption":"","description":"","alt":"","srcset":"https:\/\/nhattienplastic.com\/wp-content\/uploads\/2022\/05\/Img0201-150x150.jpg 150w, https:\/\/nhattienplastic.com\/wp-content\/uploads\/2022\/05\/Img0201-200x200.jpg 200w, https:\/\/nhattienplastic.com\/wp-content\/uploads\/2022\/05\/Img0201-260x260.jpg 260w, https:\/\/nhattienplastic.com\/wp-content\/uploads\/2022\/05\/Img0201-400x400.jpg 400w, https:\/\/nhattienplastic.com\/wp-content\/uploads\/2022\/05\/Img0201-500x500.jpg 500w"},"target-item":[{"title":"T\u1ea7m nh\u00ecn","text":"L\u00e0 c\u00f4ng ty ti\u00ean phong s\u1ea3n xu\u1ea5t s\u1ea3n ph\u1ea9m nh\u1ef1a ch\u1ea5t l\u01b0\u1ee3ng, an to\u00e0n v\u00e0 tr\u00e1ch nhi\u1ec7m v\u1edbi m\u00f4i tr\u01b0\u1eddng, g\u00f3p ph\u1ea7n n\u00e2ng t\u1ea7m gi\u00e1 tr\u1ecb s\u1ea3n ph\u1ea9m cho c\u1ed9ng \u0111\u1ed3ng","icon":"103"},{"title":"S\u1ee9 m\u1ec7nh","text":"S\u1ea3n xu\u1ea5t s\u1ea3n ph\u1ea9m nh\u1ef1a d\u1eabn \u0111\u1ea7u ti\u00eau ch\u00ed v\u1ec1 ch\u1ea5t l\u01b0\u1ee3ng v\u00e0 an to\u00e0n; \u0111\u1ed3ng th\u1eddi n\u00e2ng cao gi\u00e1 tr\u1ecb cu\u1ed9c s\u1ed1ng cho nh\u00e2n vi\u00ean, g\u00f3p ph\u1ea7n t\u1ea1o n\u00ean s\u1ef1 ph\u1ed3n vinh cho x\u00e3 h\u1ed9i.","icon":"102"}],"value-item":[{"title":"Ch\u00ednh tr\u1ef1c","text":" L\u00e3nh \u0111\u1ea1o c\u00f3 t\u00e2m, t\u00f4n tr\u1ecdng v\u00e0 l\u1eafng nghe ","image":"104"},{"title":"Uy t\u00edn ","text":"\u0110\u1ebfn v\u1edbi kh\u00e1ch h\u00e0ng b\u1eb1ng uy t\u00edn,\r\nch\u1ea5t l\u01b0\u1ee3ng v\u00e0 d\u1ecbch v\u1ee5","image":"105"},{"title":"S\u00e1ng t\u1ea1o ","text":"N\u1ed7 l\u1ef1c, c\u1ea3i ti\u1ebfn v\u00e0 ph\u00e1t tri\u1ec3n","image":"106"},{"title":"Nhi\u1ec7t Huy\u1ebft ","text":"CBCNV lu\u00f4n n\u1ed7 l\u1ef1c, <br>\r\nnhi\u1ec7t huy\u1ebft v\u00e0 tr\u00e1ch nhi\u1ec7m","image":"107"},{"title":"An to\u00e0n ","text":"M\u00f4i tr\u01b0\u1eddng l\u00e0m vi\u1ec7c an to\u00e0n v\u00e0 th\u00e2n thi\u1ec7n","image":"108"},{"title":"Ph\u00e1t tri\u1ec3n","text":"Ch\u00fang t\u00f4i xem s\u1ef1 th\u00e0nh c\u00f4ng c\u1ee7a kh\u00e1ch h\u00e0ng l\u00e0 m\u1ee5c ti\u00eau tr\u1ecdng t\u00e2m cho nh\u1eefng vi\u1ec7c ch\u00fang t\u00f4i l\u00e0m.","image":"109"}],"team-item":[{"name":"\u00d4ng D\u01b0\u01a1ng Duy Vi\u1ec7t","position":"Ch\u1ee7 t\u1ecbch h\u1ed9i \u0111\u1ed3ng qu\u1ea3n tr\u1ecb","image":"426"},{"name":"\u00d4ng D\u01b0\u01a1ng Nguy\u1ec5n Ti\u1ebfn Khoa","position":"T\u1ed5ng Gi\u00e1m \u0110\u1ed1c","image":"425"},{"name":"\u00d4ng D\u01b0\u01a1ng Nguy\u1ec5n Nh\u1eadt Quang","position":"Ph\u00f3 Gi\u00e1m \u0110\u1ed1c T\u00e0i Ch\u00ednh","image":"424"},{"name":"B\u00e0 Nguy\u1ec5n Th\u1ecb Di\u1ec7u Kh\u01b0\u01a1ng","position":"Ph\u00f3 Gi\u00e1m \u0110\u1ed1c Kinh Doanh","image":"423"},{"name":"B\u00e0 Tr\u1ea7n Nh\u1ef1t \u0110\u00f4ng","position":"K\u1ebf to\u00e1n tr\u01b0\u1edfng","image":"422"},{"name":"\u00d4ng L\u00ea V\u0103n Qu\u1ea7ng","position":"Ph\u00f3 Gi\u00e1m \u0110\u1ed1c S\u1ea3n xu\u1ea5t Nh\u00e0 m\u00e1y 1","image":"421"},{"name":"\u00d4ng Nguy\u1ec5n Th\u00e1i H\u00f2a","position":"Ph\u00f3 Gi\u00e1m \u0110\u1ed1c S\u1ea3n xu\u1ea5t Nh\u00e0 m\u00e1y 2","image":"420"},{"name":"\u00d4ng Nguy\u1ec5n H\u1eefu Ch\u00ed","position":"Ph\u00f3 Gi\u00e1m \u0110\u1ed1c ph\u00e2n x\u01b0\u1edfng khu\u00f4n","image":"418"},{"name":"B\u00e0 Ph\u1ea1m Th\u1ecb H\u1eb1ng Ni","position":"Tr\u01b0\u1edfng ph\u00f2ng Nh\u00e2n S\u1ef1","image":"419"},{"name":"B\u00e0 Tr\u1ea7n Th\u1ecb B\u00edch","position":"Ph\u00f3 ph\u00f2ng K\u1ebf to\u00e1n","image":"489"}],"office-text":"","text":"","factory-item":[],"info-item":[],"social-item":[],"tech-title":"","tech-desc":"","tech-item":[],"images":[],"banner":false,"banner_video":"","home_product_images":[],"stats-content":"","stats-item":[],"cert-title":"","cert-item":[],"text_logo":false},"_links":{"self":[{"href":"https:\/\/nhattienplastic.com\/eng\/wp-json\/wp\/v2\/pages\/12","targetHints":{"allow":["GET"]}}],"collection":[{"href":"https:\/\/nhattienplastic.com\/eng\/wp-json\/wp\/v2\/pages"}],"about":[{"href":"https:\/\/nhattienplastic.com\/eng\/wp-json\/wp\/v2\/types\/page"}],"author":[{"embeddable":true,"href":"https:\/\/nhattienplastic.com\/eng\/wp-json\/wp\/v2\/users\/1"}],"replies":[{"embeddable":true,"href":"https:\/\/nhattienplastic.com\/eng\/wp-json\/wp\/v2\/comments?post=12"}],"version-history":[{"count":1,"href":"https:\/\/nhattienplastic.com\/eng\/wp-json\/wp\/v2\/pages\/12\/revisions"}],"predecessor-version":[{"id":14,"href":"https:\/\/nhattienplastic.com\/eng\/wp-json\/wp\/v2\/pages\/12\/revisions\/14"}],"wp:attachment":[{"href":"https:\/\/nhattienplastic.com\/eng\/wp-json\/wp\/v2\/media?parent=12"}],"curies":[{"name":"wp","href":"https:\/\/api.w.org\/{rel}","templated":true}]}}