{"id":22,"date":"2022-04-12T15:06:51","date_gmt":"2022-04-12T15:06:51","guid":{"rendered":"http:\/\/nhattienplastic.com\/?page_id=22"},"modified":"2024-08-26T03:28:12","modified_gmt":"2024-08-26T03:28:12","slug":"lien-he","status":"publish","type":"page","link":"https:\/\/nhattienplastic.com\/eng\/lien-he\/","title":{"rendered":"Contact"},"content":{"rendered":"","protected":false},"excerpt":{"rendered":"","protected":false},"author":1,"featured_media":0,"parent":0,"menu_order":0,"comment_status":"closed","ping_status":"closed","template":"template-pages\/contact.php","meta":{"inline_featured_image":false,"footnotes":""},"class_list":["post-22","page","type-page","status-publish","hentry"],"meta_box":{"product-item":[],"intro-item":[],"journey-item":[],"target-image":false,"target-item":[],"value-item":[],"team-item":[],"office-text":"675-677 \u0110\u01af\u1edcNG H\u1ed2NG B\u00c0NG, <br>\r\nPH\u01af\u1edcNG 6, QU\u1eacN 6, TPHCM, VI\u1ec6T NAM","text":[{"address":"37\/11 L\u0169y B\u00e1n B\u00edch, P. T\u00e2n Th\u1edbi H\u00f2a, Q. T\u00e2n Ph\u00fa, TP.HCM","map_url":"https:\/\/www.google.com\/maps\/search\/37%2F11+L%C5%A9y+B%C3%A1n+B%C3%ADch,+P.+T%C3%A2n+Th%E1%BB%9Bi+H%C3%B2a,+Q.+T%C3%A2n+Ph%C3%BA,+TP.HCM\/@10.7592161,106.6306218,17z\/data=!3m1!4b1"}],"factory-item":[{"address":"L\u00f4 C5, C\u1ee5m C\u00f4ng Nghi\u1ec7p Nh\u1ef1a \u0110\u1ee9c H\u00f2a H\u1ea1, X\u00e3 \u0110\u1ee9c H\u00f2a H\u1ea1, Huy\u1ec7n \u0110\u1ee9c H\u00f2a, T\u1ec9nh Long An, Vi\u1ec7t Nam","map_url":"https:\/\/www.google.com\/maps\/search\/L%C3%B4+C5,+C%1D%E1%BB%A5m+C%1D%C3%B4ng+Nghi%E1%BB%87p+Nh%E1%BB%B1a+%C4%90%E1%BB%A9c+H%C3%B2a+H%E1%BA%A1,+X%C3%A3+%C4%90%E1%BB%A9c+H%C3%B2a+H%E1%BA%A1,+Huy%E1%BB%87n+%C4%90%E1%BB%A9c+H%C3%B2a,+T%E1%BB%89nh+Long+An,+Vi%E1%BB%87t+Nam\/@10.7122475,105.8443804,10z\/data=!3m1!4b1"},{"address":"L\u00f4 G, \u0110\u01b0\u1eddng s\u1ed1 3, Khu C\u00f4ng nghi\u1ec7p H\u1ea3i S\u01a1n, x\u00e3 \u0110\u1ee9c H\u00f2a H\u1ea1, Huy\u1ec7n \u0110\u1ee9c H\u00f2a, T\u1ec9nh Long An","map_url":"https:\/\/www.google.com\/maps\/place\/C%C3%B4ng+ty+TNHH+SX+TM+Nh%E1%BA%ADt+Ti%E1%BA%BFn+-+Chi+Nh%C3%A1nh+3\/@10.7807363,106.4691402,16z\/data=!4m5!3m4!1s0x0:0x1a4d9ea7e002ebc0!8m2!3d10.7810496!4d106.4717437"}],"info-item":[{"label":"Hotline","text":"028.39695941-42-43"},{"label":"Fax","text":"028.39695729"},{"label":"Email","text":"info@nhattico.com","url":"mailto:info@nhattico.com"}],"social-item":[{"icon":"136","url":"#"},{"icon":"138","url":"#"},{"icon":"137","url":"#"}],"tech-title":"","tech-desc":"","tech-item":[],"images":[],"banner":false,"banner_video":"","home_product_images":[],"stats-content":"","stats-item":[],"cert-title":"","cert-item":[],"text_logo":false},"_links":{"self":[{"href":"https:\/\/nhattienplastic.com\/eng\/wp-json\/wp\/v2\/pages\/22","targetHints":{"allow":["GET"]}}],"collection":[{"href":"https:\/\/nhattienplastic.com\/eng\/wp-json\/wp\/v2\/pages"}],"about":[{"href":"https:\/\/nhattienplastic.com\/eng\/wp-json\/wp\/v2\/types\/page"}],"author":[{"embeddable":true,"href":"https:\/\/nhattienplastic.com\/eng\/wp-json\/wp\/v2\/users\/1"}],"replies":[{"embeddable":true,"href":"https:\/\/nhattienplastic.com\/eng\/wp-json\/wp\/v2\/comments?post=22"}],"version-history":[{"count":1,"href":"https:\/\/nhattienplastic.com\/eng\/wp-json\/wp\/v2\/pages\/22\/revisions"}],"predecessor-version":[{"id":23,"href":"https:\/\/nhattienplastic.com\/eng\/wp-json\/wp\/v2\/pages\/22\/revisions\/23"}],"wp:attachment":[{"href":"https:\/\/nhattienplastic.com\/eng\/wp-json\/wp\/v2\/media?parent=22"}],"curies":[{"name":"wp","href":"https:\/\/api.w.org\/{rel}","templated":true}]}}